{"id":363,"date":"2025-05-30T13:22:35","date_gmt":"2025-05-30T11:22:35","guid":{"rendered":"https:\/\/www.fernandezabogados.com\/new\/363-2\/"},"modified":"2025-06-11T13:17:44","modified_gmt":"2025-06-11T11:17:44","slug":"363-2","status":"publish","type":"page","link":"https:\/\/www.fernandezabogados.com\/ca\/","title":{"rendered":"inici"},"content":{"rendered":"\n<div class=\"wp-block-columns is-layout-flex wp-container-core-columns-is-layout-9d6595d7 wp-block-columns-is-layout-flex\">\n<div class=\"wp-block-column is-layout-flow wp-block-column-is-layout-flow\" style=\"flex-basis:55%\">\n<pre class=\"wp-block-verse has-text-align-center has-larger-font-size\">\"Omnes viri boni ius ipsum amant\"<br\/>Cicer\u00f3n<br\/>\"Tot home de b\u00e9, s'estima la justicia\".<br\/>Cicer\u00f3n<\/pre>\n<\/div>\n\n\n\n<div class=\"wp-block-column is-layout-flow wp-block-column-is-layout-flow\"><div class=\"wp-block-image is-style-default\">\n<figure class=\"aligncenter size-full is-resized\"><img loading=\"lazy\" decoding=\"async\" width=\"427\" height=\"640\" src=\"https:\/\/www.fernandezabogados.com\/wp-content\/uploads\/2025\/05\/themis-5202082_640.jpg\" alt=\"\" class=\"wp-image-366\" style=\"width:322px;height:auto\" srcset=\"https:\/\/www.fernandezabogados.com\/wp-content\/uploads\/2025\/05\/themis-5202082_640.jpg 427w, https:\/\/www.fernandezabogados.com\/wp-content\/uploads\/2025\/05\/themis-5202082_640-200x300.jpg 200w, https:\/\/www.fernandezabogados.com\/wp-content\/uploads\/2025\/05\/themis-5202082_640-100x150.jpg 100w, https:\/\/www.fernandezabogados.com\/wp-content\/uploads\/2025\/05\/themis-5202082_640-150x225.jpg 150w, https:\/\/www.fernandezabogados.com\/wp-content\/uploads\/2025\/05\/themis-5202082_640-300x450.jpg 300w\" sizes=\"auto, (max-width: 427px) 100vw, 427px\" \/><\/figure>\n<\/div><\/div>\n<\/div>\n\n<hr class=\"wp-block-separator has-alpha-channel-opacity\"\/>\n\n<div class=\"wp-block-columns alignwide is-layout-flex wp-container-core-columns-is-layout-9d6595d7 wp-block-columns-is-layout-flex\">\n<div class=\"wp-block-column is-layout-flow wp-block-column-is-layout-flow\">\n<h2 class=\"wp-block-heading alignwide has-text-align-center\">Doctor en Dret<\/h2>\n\n\n<div class=\"wp-block-image\">\n<figure class=\"aligncenter size-full is-resized\"><img loading=\"lazy\" decoding=\"async\" width=\"300\" height=\"300\" src=\"https:\/\/www.fernandezabogados.com\/wp-content\/uploads\/2025\/05\/JLFS-300x300-1.jpg\" alt=\"\" class=\"wp-image-328\" style=\"aspect-ratio:1;width:230px;height:auto\" srcset=\"https:\/\/www.fernandezabogados.com\/wp-content\/uploads\/2025\/05\/JLFS-300x300-1.jpg 300w, https:\/\/www.fernandezabogados.com\/wp-content\/uploads\/2025\/05\/JLFS-300x300-1-150x150.jpg 150w\" sizes=\"auto, (max-width: 300px) 100vw, 300px\" \/><\/figure>\n<\/div>\n\n\n<p class=\"has-text-align-center\">Especialista en:<br\/>Dret d&#8217;Assegurances<br\/>Dret de la mediaci\u00f3 d&#8217;assegurances privades<br\/>Assesorament y defensa legal<\/p>\n<\/div>\n\n\n\n<div class=\"wp-block-column is-layout-flow wp-block-column-is-layout-flow\">\n<h2 class=\"wp-block-heading has-text-align-center\">Darreres entrades<\/h2>\n\n\n<ul class=\"wp-block-latest-posts__list wp-block-latest-posts\"><li><a class=\"wp-block-latest-posts__post-title\" href=\"https:\/\/www.fernandezabogados.com\/ca\/art-38-de-la-llei-de-contracte-dasseguranca-i-defectuosa-designacio-de-perit-per-lasseguradora\/\">ART. 38 DE LA LLEI DE CONTRACTE D&#8217;ASSEGURAN\u00c7A I DEFECTUOSA DESIGNACI\u00d3 DE P\u00c8RIT PER L&#8217;ASSEGURADORA<\/a><\/li>\n<li><a class=\"wp-block-latest-posts__post-title\" href=\"https:\/\/www.fernandezabogados.com\/ca\/interpretacio-de-contracte-d-agencia-dassegurances-i-dret-a-lindemnitzacio-per-clientela\/\">Interpretaci\u00f3 de contracte d\u2019 ag\u00e8ncia d\u00b4assegurances i dret a  l\u00b4indemnitzaci\u00f3 per clientela<\/a><\/li>\n<li><a class=\"wp-block-latest-posts__post-title\" href=\"https:\/\/www.fernandezabogados.com\/ca\/increment-de-prima-en-asseguranca-de-salut\/\">Increment de prima en asseguran\u00e7a de salut<\/a><\/li>\n<li><a class=\"wp-block-latest-posts__post-title\" href=\"https:\/\/www.fernandezabogados.com\/ca\/asseguranca-de-vida-i-escalat-de-limitacio-del-capital-assegurat-segons-labast-de-la-patologia-o-lesio-determinants-de-la-invalidesa\/\">Asseguran\u00e7a de vida i escalat de limitaci\u00f3 del capital assegurat segons l&#8217;abast de la patologia o lesi\u00f3 determinants de la invalidesa<\/a><\/li>\n<li><a class=\"wp-block-latest-posts__post-title\" href=\"https:\/\/www.fernandezabogados.com\/ca\/250\/\">(sense t\u00edtol)<\/a><\/li>\n<li><a class=\"wp-block-latest-posts__post-title\" href=\"https:\/\/www.fernandezabogados.com\/ca\/inexistencia-de-delicte-dapropiacio-indeguda-dauxiliar-extern\/\">Inexist\u00e8ncia de delicte d\u00b4apropiaci\u00f3 indeguda d\u00b4auxiliar extern<\/a><\/li>\n<\/ul><\/div>\n\n\n\n<div class=\"wp-block-column is-layout-flow wp-block-column-is-layout-flow\">\n<h2 class=\"wp-block-heading has-text-align-center\">Llibres y articles publicats<\/h2>\n\n\n<div class=\"wp-block-image\">\n<figure class=\"aligncenter size-full is-resized\"><a href=\"https:\/\/www.fernandezabogados.com\/ca\/363-2\/publicaciones-2\/\"><img loading=\"lazy\" decoding=\"async\" width=\"283\" height=\"216\" src=\"https:\/\/www.fernandezabogados.com\/wp-content\/uploads\/2025\/05\/publicaciones.png\" alt=\"\" class=\"wp-image-303\" style=\"aspect-ratio:1;width:345px;height:auto\"\/><\/a><\/figure>\n<\/div><\/div>\n<\/div>\n\n<p class=\"has-normal-font-size\"><\/p>\n\n<p><\/p>\n","protected":false},"excerpt":{"rendered":"<p>&#8220;Omnes viri boni ius ipsum amant&#8221;Cicer\u00f3n&#8221;Tot home de b\u00e9, s&#8217;estima la justicia&#8221;.Cicer\u00f3n Doctor en Dret Especialista en:Dret d&#8217;AssegurancesDret de la mediaci\u00f3 d&#8217;assegurances privadesAssesorament y defensa legal Darreres entrades Llibres y articles publicats<\/p>\n","protected":false},"author":1,"featured_media":0,"parent":0,"menu_order":0,"comment_status":"closed","ping_status":"closed","template":"","meta":{"footnotes":""},"class_list":["post-363","page","type-page","status-publish","hentry"],"_links":{"self":[{"href":"https:\/\/www.fernandezabogados.com\/ca\/wp-json\/wp\/v2\/pages\/363","targetHints":{"allow":["GET"]}}],"collection":[{"href":"https:\/\/www.fernandezabogados.com\/ca\/wp-json\/wp\/v2\/pages"}],"about":[{"href":"https:\/\/www.fernandezabogados.com\/ca\/wp-json\/wp\/v2\/types\/page"}],"author":[{"embeddable":true,"href":"https:\/\/www.fernandezabogados.com\/ca\/wp-json\/wp\/v2\/users\/1"}],"replies":[{"embeddable":true,"href":"https:\/\/www.fernandezabogados.com\/ca\/wp-json\/wp\/v2\/comments?post=363"}],"version-history":[{"count":8,"href":"https:\/\/www.fernandezabogados.com\/ca\/wp-json\/wp\/v2\/pages\/363\/revisions"}],"predecessor-version":[{"id":398,"href":"https:\/\/www.fernandezabogados.com\/ca\/wp-json\/wp\/v2\/pages\/363\/revisions\/398"}],"wp:attachment":[{"href":"https:\/\/www.fernandezabogados.com\/ca\/wp-json\/wp\/v2\/media?parent=363"}],"curies":[{"name":"wp","href":"https:\/\/api.w.org\/{rel}","templated":true}]}}